{"id":47,"date":"2020-08-27T06:50:05","date_gmt":"2020-08-27T06:50:05","guid":{"rendered":"https:\/\/aleksandrapiasecka.com\/?page_id=47"},"modified":"2026-04-23T10:59:01","modified_gmt":"2026-04-23T10:59:01","slug":"about","status":"publish","type":"page","link":"https:\/\/aleksandrapiasecka.com\/pl\/about\/","title":{"rendered":"BIO"},"content":{"rendered":"<div data-elementor-type=\"wp-page\" data-elementor-id=\"47\" class=\"elementor elementor-47\" data-elementor-post-type=\"page\">\n\t\t\t\t\t\t<section class=\"elementor-section elementor-top-section elementor-element elementor-element-42ca568e elementor-section-full_width elementor-section-height-default elementor-section-height-default\" data-id=\"42ca568e\" data-element_type=\"section\" data-e-type=\"section\">\n\t\t\t\t\t\t<div class=\"elementor-container elementor-column-gap-no\">\n\t\t\t\t\t<div class=\"elementor-column elementor-col-50 elementor-top-column elementor-element elementor-element-32aa6a59\" data-id=\"32aa6a59\" data-element_type=\"column\" data-e-type=\"column\" data-settings=\"{&quot;background_background&quot;:&quot;classic&quot;}\">\n\t\t\t<div class=\"elementor-widget-wrap elementor-element-populated\">\n\t\t\t\t\t\t<div class=\"elementor-element elementor-element-e6d7eea elementor-widget elementor-widget-image\" data-id=\"e6d7eea\" data-element_type=\"widget\" data-e-type=\"widget\" data-widget_type=\"image.default\">\n\t\t\t\t<div class=\"elementor-widget-container\">\n\t\t\t\t\t\t\t\t\t\t\t\t\t\t\t<img fetchpriority=\"high\" decoding=\"async\" width=\"505\" height=\"1024\" src=\"https:\/\/aleksandrapiasecka.com\/wp-content\/uploads\/2026\/04\/7-in-progress-1-505x1024.jpg\" class=\"attachment-large size-large wp-image-3797\" alt=\"\" srcset=\"https:\/\/aleksandrapiasecka.com\/wp-content\/uploads\/2026\/04\/7-in-progress-1-505x1024.jpg 505w, https:\/\/aleksandrapiasecka.com\/wp-content\/uploads\/2026\/04\/7-in-progress-1-148x300.jpg 148w, https:\/\/aleksandrapiasecka.com\/wp-content\/uploads\/2026\/04\/7-in-progress-1-768x1558.jpg 768w, https:\/\/aleksandrapiasecka.com\/wp-content\/uploads\/2026\/04\/7-in-progress-1-757x1536.jpg 757w, https:\/\/aleksandrapiasecka.com\/wp-content\/uploads\/2026\/04\/7-in-progress-1-1010x2048.jpg 1010w, https:\/\/aleksandrapiasecka.com\/wp-content\/uploads\/2026\/04\/7-in-progress-1-6x12.jpg 6w, https:\/\/aleksandrapiasecka.com\/wp-content\/uploads\/2026\/04\/7-in-progress-1-1200x2434.jpg 1200w, https:\/\/aleksandrapiasecka.com\/wp-content\/uploads\/2026\/04\/7-in-progress-1-1980x4016.jpg 1980w, https:\/\/aleksandrapiasecka.com\/wp-content\/uploads\/2026\/04\/7-in-progress-1-450x913.jpg 450w, https:\/\/aleksandrapiasecka.com\/wp-content\/uploads\/2026\/04\/7-in-progress-1-600x1217.jpg 600w, https:\/\/aleksandrapiasecka.com\/wp-content\/uploads\/2026\/04\/7-in-progress-1-scaled.jpg 789w\" sizes=\"(max-width: 505px) 100vw, 505px\" \/>\t\t\t\t\t\t\t\t\t\t\t\t\t\t\t<\/div>\n\t\t\t\t<\/div>\n\t\t\t\t\t<\/div>\n\t\t<\/div>\n\t\t\t\t<div class=\"elementor-column elementor-col-50 elementor-top-column elementor-element elementor-element-167af584\" data-id=\"167af584\" data-element_type=\"column\" data-e-type=\"column\" data-settings=\"{&quot;background_background&quot;:&quot;classic&quot;}\">\n\t\t\t<div class=\"elementor-widget-wrap elementor-element-populated\">\n\t\t\t\t\t\t<div class=\"elementor-element elementor-element-1c249d12 elementor-widget elementor-widget-heading\" data-id=\"1c249d12\" data-element_type=\"widget\" data-e-type=\"widget\" data-widget_type=\"heading.default\">\n\t\t\t\t<div class=\"elementor-widget-container\">\n\t\t\t\t\t<h4 class=\"elementor-heading-title elementor-size-default\">Bio<\/h4>\t\t\t\t<\/div>\n\t\t\t\t<\/div>\n\t\t\t\t<div class=\"elementor-element elementor-element-5be8ac6b elementor-widget__width-initial elementor-widget elementor-widget-text-editor\" data-id=\"5be8ac6b\" data-element_type=\"widget\" data-e-type=\"widget\" data-widget_type=\"text-editor.default\">\n\t\t\t\t<div class=\"elementor-widget-container\">\n\t\t\t\t\t\t\t\t\t<p>Aleksandra Piasecka - architektka, rze\u017abiarka, za\u0142o\u017cycielka pracowni rze\u017aby w Warszawie.<\/p><p id=\"docs-internal-guid-64612641-7fff-16b1-87c2-01043b82668b\" dir=\"ltr\" style=\"line-height: 1.3090909090909089; margin-top: 12pt; margin-bottom: 12pt;\"><span style=\"font-size: 11pt; font-family: Arial,sans-serif; color: #000000; background-color: transparent; font-weight: 400; font-style: normal; font-variant: normal; text-decoration: none; vertical-align: baseline; white-space: pre-wrap;\">Prace koncentruj\u0105 si\u0119 na kobiecie jako strukturze poddanej napi\u0119ciu \u2014 mi\u0119dzy ci\u0119\u017carem a potrzeb\u0105 jego przekraczania.Forma rozwija si\u0119 poprzez grawitacj\u0119 i spi\u0119trzenie materii. Prace odnosz\u0105 si\u0119 do narastaj\u0105cych r\u00f3l i oczekiwa\u0144 wobec kobiety, kt\u00f3re ulegaj\u0105 kumulacji.<\/span><\/p><p dir=\"ltr\" style=\"line-height: 1.3090909090909089; margin-top: 12pt; margin-bottom: 12pt;\"><span style=\"font-size: 11pt; font-family: Arial,sans-serif; color: #000000; background-color: transparent; font-weight: 400; font-style: normal; font-variant: normal; text-decoration: none; vertical-align: baseline; white-space: pre-wrap;\">Aleksandra tworzy  w dw\u00f3ch przeciwstawnych cyklach \u2014 pierwszy zakorzeniony jest w codzienno\u015bci, drugi otwiera spekulatywn\u0105 narracj\u0119 o przysz\u0142o\u015bci.<\/span><\/p><p dir=\"ltr\" style=\"line-height: 1.3090909090909089; margin-top: 12pt; margin-bottom: 12pt;\"><span style=\"font-size: 11pt; font-family: Arial,sans-serif; color: #000000; background-color: transparent; font-weight: 400; font-style: normal; font-variant: normal; text-decoration: none; vertical-align: baseline; white-space: pre-wrap;\">Cykl <\/span><span style=\"font-size: 11pt; font-family: Arial,sans-serif; color: #000000; background-color: transparent; font-weight: 400; font-style: italic; font-variant: normal; text-decoration: none; vertical-align: baseline; white-space: pre-wrap;\">Kariatydy<\/span><span style=\"font-size: 11pt; font-family: Arial,sans-serif; color: #000000; background-color: transparent; font-weight: 400; font-style: normal; font-variant: normal; text-decoration: none; vertical-align: baseline; white-space: pre-wrap;\"> to wzrastaj\u0105ce struktury na styku rze\u017aby i architektury. Tu materia przestaje podlega\u0107 oczywistym prawom \u2014 ci\u0119\u017car unosi si\u0119, formy rosn\u0105 pod wp\u0142ywem obci\u0105\u017ce\u0144, a to co kruche staje si\u0119 punktem zwrotnym. Przysz\u0142o\u015b\u0107 nie jest przedstawiona jako wizja, lecz jako pytanie: czy narastaj\u0105ce napi\u0119cia prowadz\u0105 do wzmocnienia, czy rozpadu.<\/span><\/p><p dir=\"ltr\" style=\"line-height: 1.3090909090909089; margin-top: 12pt; margin-bottom: 12pt;\"><span style=\"font-size: 11pt; font-family: Arial,sans-serif; color: #000000; background-color: transparent; font-weight: 400; font-style: normal; font-variant: normal; text-decoration: none; vertical-align: baseline; white-space: pre-wrap;\">Cykl <\/span><span style=\"font-size: 11pt; font-family: Arial,sans-serif; color: #000000; background-color: transparent; font-weight: 400; font-style: italic; font-variant: normal; text-decoration: none; vertical-align: baseline; white-space: pre-wrap;\">Woman Being<\/span><span style=\"font-size: 11pt; font-family: Arial,sans-serif; color: #000000; background-color: transparent; font-weight: 400; font-style: normal; font-variant: normal; text-decoration: none; vertical-align: baseline; white-space: pre-wrap;\"> rozwija si\u0119 jako cykl autoportret\u00f3w, pomija jednak fizyczne podobie\u0144stwo na rzecz emocjonalnego zapisu do\u015bwiadcze\u0144 wsp\u00f3\u0142czesnej kobiety.<\/span><\/p><p>Rozpocz\u0119\u0142a swoje do\u015bwiadczenie zawodowe we Francji, pracuj\u0105c dla wiod\u0105cych pracowni architektonicznych w Pary\u017cu: Christian de Portzamparc www.portzamparc.com , Manuelle Gautrand Architecture www.manuelle-gautrand.com, Wilmotte &amp; Associ\u00e9s Architectes www.wilmotte.com.<\/p><p>\u00a0<\/p>\t\t\t\t\t\t\t\t<\/div>\n\t\t\t\t<\/div>\n\t\t\t\t<div class=\"elementor-element elementor-element-bded402 elementor-widget elementor-widget-heading\" data-id=\"bded402\" data-element_type=\"widget\" data-e-type=\"widget\" data-widget_type=\"heading.default\">\n\t\t\t\t<div class=\"elementor-widget-container\">\n\t\t\t\t\t<h4 class=\"elementor-heading-title elementor-size-default\">Selected exhibitions:<\/h4>\t\t\t\t<\/div>\n\t\t\t\t<\/div>\n\t\t\t\t<div class=\"elementor-element elementor-element-6a7499e elementor-widget__width-initial elementor-widget elementor-widget-text-editor\" data-id=\"6a7499e\" data-element_type=\"widget\" data-e-type=\"widget\" data-widget_type=\"text-editor.default\">\n\t\t\t\t<div class=\"elementor-widget-container\">\n\t\t\t\t\t\t\t\t\t<p>2024<\/p>\n<p>Lille ART UP, Lille, France \/ Art fair \/ 8-11.02.2024<\/p>\n<p>2023<\/p>\n<p>ST-ART, Strasbourg, France \/ Art fair \/&nbsp; 24-26.11.2023<\/p>\n<p>XIV Florence Biennale , Florence, Italy \/ Art fair \/ 14-22.10.2023<\/p>\n<p>Museums Nights, Warsaw, Poland \/ Solo exhibition \/ 13.05.2023<\/p>\t\t\t\t\t\t\t\t<\/div>\n\t\t\t\t<\/div>\n\t\t\t\t\t<\/div>\n\t\t<\/div>\n\t\t\t\t\t<\/div>\n\t\t<\/section>\n\t\t\t\t<\/div>","protected":false},"excerpt":{"rendered":"<p>About Aleksandra Piasecka \u2013 architect, sculptor, founder of a Warsaw based studio for sculpture. The work focuses on the female figure as a structure under tension \u2014 between the weight of everyday life and the possibility of exceeding it. Form emerges through gravity and the accumulation of matter, reflecting the growing roles and expectations placed [&hellip;]<\/p>\n","protected":false},"author":1,"featured_media":0,"parent":0,"menu_order":0,"comment_status":"closed","ping_status":"closed","template":"elementor_header_footer","meta":{"footnotes":""},"class_list":["post-47","page","type-page","status-publish","hentry"],"yoast_head":"<!-- This site is optimized with the Yoast SEO plugin v27.4 - https:\/\/yoast.com\/product\/yoast-seo-wordpress\/ -->\n<title>ABOUT - Aleksandra Piasecka Aleksandra Piasecka \u2013 Contemporary Sculptor - Warsaw<\/title>\n<meta name=\"description\" content=\"Aleksandra Piasecka is a contemporary sculptor. Her work focuses on the female as a structure under tension \u2014 between the weight of everyday life and the need for growth and its transcendence, developed through gravity, stretching, and the accumulation of matter.\" \/>\n<meta name=\"robots\" content=\"index, follow, max-snippet:-1, max-image-preview:large, max-video-preview:-1\" \/>\n<link rel=\"canonical\" href=\"https:\/\/aleksandrapiasecka.com\/pl\/about\/\" \/>\n<meta property=\"og:locale\" content=\"pl_PL\" \/>\n<meta property=\"og:type\" content=\"article\" \/>\n<meta property=\"og:title\" content=\"ABOUT - Aleksandra Piasecka Aleksandra Piasecka \u2013 Contemporary Sculptor - Warsaw\" \/>\n<meta property=\"og:description\" content=\"Aleksandra Piasecka is a contemporary sculptor. Her work focuses on the female as a structure under tension \u2014 between the weight of everyday life and the need for growth and its transcendence, developed through gravity, stretching, and the accumulation of matter.\" \/>\n<meta property=\"og:url\" content=\"https:\/\/aleksandrapiasecka.com\/pl\/about\/\" \/>\n<meta property=\"og:site_name\" content=\"Aleksandra Piasecka\" \/>\n<meta property=\"article:modified_time\" content=\"2026-04-23T10:59:01+00:00\" \/>\n<meta property=\"og:image\" content=\"https:\/\/aleksandrapiasecka.com\/wp-content\/uploads\/2026\/04\/Kariatyda-01-fragment-591x1024.jpg\" \/>\n\t<meta property=\"og:image:width\" content=\"591\" \/>\n\t<meta property=\"og:image:height\" content=\"1024\" \/>\n\t<meta property=\"og:image:type\" content=\"image\/jpeg\" \/>\n<meta name=\"twitter:card\" content=\"summary_large_image\" \/>\n<meta name=\"twitter:label1\" content=\"Szacowany czas czytania\" \/>\n\t<meta name=\"twitter:data1\" content=\"2 minuty\" \/>\n<script type=\"application\/ld+json\" class=\"yoast-schema-graph\">{\"@context\":\"https:\\\/\\\/schema.org\",\"@graph\":[{\"@type\":\"WebPage\",\"@id\":\"https:\\\/\\\/aleksandrapiasecka.com\\\/about\\\/\",\"url\":\"https:\\\/\\\/aleksandrapiasecka.com\\\/about\\\/\",\"name\":\"ABOUT - Aleksandra Piasecka Aleksandra Piasecka \u2013 Contemporary Sculptor - Warsaw\",\"isPartOf\":{\"@id\":\"https:\\\/\\\/aleksandrapiasecka.com\\\/#website\"},\"primaryImageOfPage\":{\"@id\":\"https:\\\/\\\/aleksandrapiasecka.com\\\/about\\\/#primaryimage\"},\"image\":{\"@id\":\"https:\\\/\\\/aleksandrapiasecka.com\\\/about\\\/#primaryimage\"},\"thumbnailUrl\":\"https:\\\/\\\/aleksandrapiasecka.com\\\/wp-content\\\/uploads\\\/2026\\\/04\\\/7-in-progress-1-505x1024.jpg\",\"datePublished\":\"2020-08-27T06:50:05+00:00\",\"dateModified\":\"2026-04-23T10:59:01+00:00\",\"description\":\"Aleksandra Piasecka is a contemporary sculptor. Her work focuses on the female as a structure under tension \u2014 between the weight of everyday life and the need for growth and its transcendence, developed through gravity, stretching, and the accumulation of matter.\",\"breadcrumb\":{\"@id\":\"https:\\\/\\\/aleksandrapiasecka.com\\\/about\\\/#breadcrumb\"},\"inLanguage\":\"pl-PL\",\"potentialAction\":[{\"@type\":\"ReadAction\",\"target\":[\"https:\\\/\\\/aleksandrapiasecka.com\\\/about\\\/\"]}]},{\"@type\":\"ImageObject\",\"inLanguage\":\"pl-PL\",\"@id\":\"https:\\\/\\\/aleksandrapiasecka.com\\\/about\\\/#primaryimage\",\"url\":\"https:\\\/\\\/aleksandrapiasecka.com\\\/wp-content\\\/uploads\\\/2026\\\/04\\\/7-in-progress-1-505x1024.jpg\",\"contentUrl\":\"https:\\\/\\\/aleksandrapiasecka.com\\\/wp-content\\\/uploads\\\/2026\\\/04\\\/7-in-progress-1-505x1024.jpg\"},{\"@type\":\"BreadcrumbList\",\"@id\":\"https:\\\/\\\/aleksandrapiasecka.com\\\/about\\\/#breadcrumb\",\"itemListElement\":[{\"@type\":\"ListItem\",\"position\":1,\"name\":\"Home\",\"item\":\"https:\\\/\\\/aleksandrapiasecka.com\\\/\"},{\"@type\":\"ListItem\",\"position\":2,\"name\":\"ABOUT\"}]},{\"@type\":\"WebSite\",\"@id\":\"https:\\\/\\\/aleksandrapiasecka.com\\\/#website\",\"url\":\"https:\\\/\\\/aleksandrapiasecka.com\\\/\",\"name\":\"Aleksandra Piasecka - Contemporary Sculptor\",\"description\":\"\",\"publisher\":{\"@id\":\"https:\\\/\\\/aleksandrapiasecka.com\\\/#\\\/schema\\\/person\\\/f8c41663d765740a8b95382ed04ef300\"},\"potentialAction\":[{\"@type\":\"SearchAction\",\"target\":{\"@type\":\"EntryPoint\",\"urlTemplate\":\"https:\\\/\\\/aleksandrapiasecka.com\\\/?s={search_term_string}\"},\"query-input\":{\"@type\":\"PropertyValueSpecification\",\"valueRequired\":true,\"valueName\":\"search_term_string\"}}],\"inLanguage\":\"pl-PL\"},{\"@type\":[\"Person\",\"Organization\"],\"@id\":\"https:\\\/\\\/aleksandrapiasecka.com\\\/#\\\/schema\\\/person\\\/f8c41663d765740a8b95382ed04ef300\",\"name\":\"admin\",\"image\":{\"@type\":\"ImageObject\",\"inLanguage\":\"pl-PL\",\"@id\":\"https:\\\/\\\/aleksandrapiasecka.com\\\/wp-content\\\/uploads\\\/2020\\\/08\\\/cropped-cropped-aleks.png\",\"url\":\"https:\\\/\\\/aleksandrapiasecka.com\\\/wp-content\\\/uploads\\\/2020\\\/08\\\/cropped-cropped-aleks.png\",\"contentUrl\":\"https:\\\/\\\/aleksandrapiasecka.com\\\/wp-content\\\/uploads\\\/2020\\\/08\\\/cropped-cropped-aleks.png\",\"width\":1581,\"height\":90,\"caption\":\"admin\"},\"logo\":{\"@id\":\"https:\\\/\\\/aleksandrapiasecka.com\\\/wp-content\\\/uploads\\\/2020\\\/08\\\/cropped-cropped-aleks.png\"},\"sameAs\":[\"https:\\\/\\\/aleksandrapiasecka.com\"]}]}<\/script>\n<!-- \/ Yoast SEO plugin. -->","yoast_head_json":{"title":"ABOUT - Aleksandra Piasecka Aleksandra Piasecka \u2013 Contemporary Sculptor - Warsaw","description":"Aleksandra Piasecka is a contemporary sculptor. Her work focuses on the female as a structure under tension \u2014 between the weight of everyday life and the need for growth and its transcendence, developed through gravity, stretching, and the accumulation of matter.","robots":{"index":"index","follow":"follow","max-snippet":"max-snippet:-1","max-image-preview":"max-image-preview:large","max-video-preview":"max-video-preview:-1"},"canonical":"https:\/\/aleksandrapiasecka.com\/pl\/about\/","og_locale":"pl_PL","og_type":"article","og_title":"ABOUT - Aleksandra Piasecka Aleksandra Piasecka \u2013 Contemporary Sculptor - Warsaw","og_description":"Aleksandra Piasecka is a contemporary sculptor. Her work focuses on the female as a structure under tension \u2014 between the weight of everyday life and the need for growth and its transcendence, developed through gravity, stretching, and the accumulation of matter.","og_url":"https:\/\/aleksandrapiasecka.com\/pl\/about\/","og_site_name":"Aleksandra Piasecka","article_modified_time":"2026-04-23T10:59:01+00:00","og_image":[{"width":591,"height":1024,"url":"https:\/\/aleksandrapiasecka.com\/wp-content\/uploads\/2026\/04\/Kariatyda-01-fragment-591x1024.jpg","type":"image\/jpeg"}],"twitter_card":"summary_large_image","twitter_misc":{"Szacowany czas czytania":"2 minuty"},"schema":{"@context":"https:\/\/schema.org","@graph":[{"@type":"WebPage","@id":"https:\/\/aleksandrapiasecka.com\/about\/","url":"https:\/\/aleksandrapiasecka.com\/about\/","name":"ABOUT - Aleksandra Piasecka Aleksandra Piasecka \u2013 Contemporary Sculptor - Warsaw","isPartOf":{"@id":"https:\/\/aleksandrapiasecka.com\/#website"},"primaryImageOfPage":{"@id":"https:\/\/aleksandrapiasecka.com\/about\/#primaryimage"},"image":{"@id":"https:\/\/aleksandrapiasecka.com\/about\/#primaryimage"},"thumbnailUrl":"https:\/\/aleksandrapiasecka.com\/wp-content\/uploads\/2026\/04\/7-in-progress-1-505x1024.jpg","datePublished":"2020-08-27T06:50:05+00:00","dateModified":"2026-04-23T10:59:01+00:00","description":"Aleksandra Piasecka is a contemporary sculptor. Her work focuses on the female as a structure under tension \u2014 between the weight of everyday life and the need for growth and its transcendence, developed through gravity, stretching, and the accumulation of matter.","breadcrumb":{"@id":"https:\/\/aleksandrapiasecka.com\/about\/#breadcrumb"},"inLanguage":"pl-PL","potentialAction":[{"@type":"ReadAction","target":["https:\/\/aleksandrapiasecka.com\/about\/"]}]},{"@type":"ImageObject","inLanguage":"pl-PL","@id":"https:\/\/aleksandrapiasecka.com\/about\/#primaryimage","url":"https:\/\/aleksandrapiasecka.com\/wp-content\/uploads\/2026\/04\/7-in-progress-1-505x1024.jpg","contentUrl":"https:\/\/aleksandrapiasecka.com\/wp-content\/uploads\/2026\/04\/7-in-progress-1-505x1024.jpg"},{"@type":"BreadcrumbList","@id":"https:\/\/aleksandrapiasecka.com\/about\/#breadcrumb","itemListElement":[{"@type":"ListItem","position":1,"name":"Home","item":"https:\/\/aleksandrapiasecka.com\/"},{"@type":"ListItem","position":2,"name":"ABOUT"}]},{"@type":"WebSite","@id":"https:\/\/aleksandrapiasecka.com\/#website","url":"https:\/\/aleksandrapiasecka.com\/","name":"Aleksandra Piasecka - Contemporary Sculptor","description":"","publisher":{"@id":"https:\/\/aleksandrapiasecka.com\/#\/schema\/person\/f8c41663d765740a8b95382ed04ef300"},"potentialAction":[{"@type":"SearchAction","target":{"@type":"EntryPoint","urlTemplate":"https:\/\/aleksandrapiasecka.com\/?s={search_term_string}"},"query-input":{"@type":"PropertyValueSpecification","valueRequired":true,"valueName":"search_term_string"}}],"inLanguage":"pl-PL"},{"@type":["Person","Organization"],"@id":"https:\/\/aleksandrapiasecka.com\/#\/schema\/person\/f8c41663d765740a8b95382ed04ef300","name":"admin","image":{"@type":"ImageObject","inLanguage":"pl-PL","@id":"https:\/\/aleksandrapiasecka.com\/wp-content\/uploads\/2020\/08\/cropped-cropped-aleks.png","url":"https:\/\/aleksandrapiasecka.com\/wp-content\/uploads\/2020\/08\/cropped-cropped-aleks.png","contentUrl":"https:\/\/aleksandrapiasecka.com\/wp-content\/uploads\/2020\/08\/cropped-cropped-aleks.png","width":1581,"height":90,"caption":"admin"},"logo":{"@id":"https:\/\/aleksandrapiasecka.com\/wp-content\/uploads\/2020\/08\/cropped-cropped-aleks.png"},"sameAs":["https:\/\/aleksandrapiasecka.com"]}]}},"_links":{"self":[{"href":"https:\/\/aleksandrapiasecka.com\/pl\/wp-json\/wp\/v2\/pages\/47","targetHints":{"allow":["GET"]}}],"collection":[{"href":"https:\/\/aleksandrapiasecka.com\/pl\/wp-json\/wp\/v2\/pages"}],"about":[{"href":"https:\/\/aleksandrapiasecka.com\/pl\/wp-json\/wp\/v2\/types\/page"}],"author":[{"embeddable":true,"href":"https:\/\/aleksandrapiasecka.com\/pl\/wp-json\/wp\/v2\/users\/1"}],"replies":[{"embeddable":true,"href":"https:\/\/aleksandrapiasecka.com\/pl\/wp-json\/wp\/v2\/comments?post=47"}],"version-history":[{"count":12,"href":"https:\/\/aleksandrapiasecka.com\/pl\/wp-json\/wp\/v2\/pages\/47\/revisions"}],"predecessor-version":[{"id":3818,"href":"https:\/\/aleksandrapiasecka.com\/pl\/wp-json\/wp\/v2\/pages\/47\/revisions\/3818"}],"wp:attachment":[{"href":"https:\/\/aleksandrapiasecka.com\/pl\/wp-json\/wp\/v2\/media?parent=47"}],"curies":[{"name":"wp","href":"https:\/\/api.w.org\/{rel}","templated":true}]}}